{"id":254,"date":"2025-04-04T09:31:38","date_gmt":"2025-04-04T09:31:38","guid":{"rendered":"https:\/\/economia.ghost.uem.mz\/?page_id=254"},"modified":"2025-04-04T09:31:38","modified_gmt":"2025-04-04T09:31:38","slug":"documentos-de-trabalho-do-ceeg","status":"publish","type":"page","link":"https:\/\/economia.uem.mz\/index.php\/documentos-de-trabalho-do-ceeg\/","title":{"rendered":"Documentos de Trabalho do CEEG"},"content":{"rendered":"\t\t<div data-elementor-type=\"wp-page\" data-elementor-id=\"254\" class=\"elementor elementor-254\">\n\t\t\t\t<div class=\"elementor-element elementor-element-b434864 e-flex e-con-boxed e-con e-parent\" data-id=\"b434864\" data-element_type=\"container\">\n\t\t\t\t\t<div class=\"e-con-inner\">\n\t\t\t\t\t<\/div>\n\t\t\t\t<\/div>\n\t\t<div class=\"elementor-element elementor-element-eec0239 e-flex e-con-boxed e-con e-parent\" data-id=\"eec0239\" data-element_type=\"container\">\n\t\t\t\t\t<div class=\"e-con-inner\">\n\t\t\t\t<div class=\"elementor-element elementor-element-4d6cdeb elementor-widget elementor-widget-text-editor\" data-id=\"4d6cdeb\" data-element_type=\"widget\" data-widget_type=\"text-editor.default\">\n\t\t\t\t\t\t\t\t\t<div class=\"page-header\"><h2>Documentos de Trabalho do CEEG<\/h2><\/div><div id=\"it-sn\">\u00a0<\/div><p>\u00a0<strong>Documentos de Trabalho do CEEG &#8211; 2018<\/strong><\/p><p><a title=\"Abordagem Monet\u00e1ria da Taxa de C\u00e2mbio e a Regra de Taylor: Evid\u00eancia Emp\u00edrica de Mo\u00e7ambique\" href=\"http:\/\/www.economia.uem.mz\/images\/Documentos_de_Trabalho\/CP004--AGOSTINHO-MACHAVA--Abordagem-Monetria-da-Taxa-de-Cmbio-e-a-Regra-de-Taylor---evidencia-empirica-para-Mocambique-2.pdf\" rel=\"alternate\">Abordagem Monet\u00e1ria da Taxa de C\u00e2mbio e a Regra de Taylor: Evid\u00eancia Emp\u00edrica de Mo\u00e7ambique<\/a><\/p><p><a title=\"Din\u00e2mica da Sustentabilidade das Finan\u00e7as P\u00fablicas em Mo\u00e7ambique (2000-2016)\" href=\"http:\/\/www.economia.uem.mz\/images\/Documentos_de_Trabalho\/CP022-MANUELA-SILVESTRE--Dinmica-da-Sustentabilidade-das-Finanas-Pblicas-em-Moambique-2000-2016.pdf\" rel=\"alternate\">Din\u00e2mica da Sustentabilidade das Finan\u00e7as P\u00fablicas em Mo\u00e7ambique (2000-2016)<\/a><\/p><p><a title=\"Effects of Monetary and Fiscal Policies on Foreign Direct Investment in Mozambique during the period 2005-2015\" href=\"http:\/\/www.economia.uem.mz\/images\/Documentos_de_Trabalho\/CP003-ENIA-PONDO-Effects-of--Monetary-and-Fiscal-Policies-on-Foreign-Direct-Investment.pdf\" rel=\"alternate\">Efeitos das Pol\u00edticas Monet\u00e1ria e Fiscal sobre o Investimento Directo Estrangeiro em Mo\u00e7ambique durante o per\u00edodo 2005-2015<\/a><\/p><p><a title=\"Import\u00e2ncia dos Tipos de Inova\u00e7\u00e3o nas Empresas dos Sectores de Com\u00e9rcio e Servi\u00e7os n\u00e3o Financeiros em Mo\u00e7ambique, per\u00edodo 2013-2015\" href=\"http:\/\/www.economia.uem.mz\/images\/Documentos_de_Trabalho\/CP020_-ZEFERINO_NUMAIO_Importncia_dos_Tipos_de_Inovao_nas_Empresas_-dos_Sectores_de_Comrcio.pdf\" rel=\"alternate\">Import\u00e2ncia dos Tipos de Inova\u00e7\u00e3o nas Empresas dos Sectores de Com\u00e9rcio e Servi\u00e7os n\u00e3o Financeiros em Mo\u00e7ambique, per\u00edodo 2013-2015<\/a><\/p>\t\t\t\t\t\t\t\t<\/div>\n\t\t\t\t\t<\/div>\n\t\t\t\t<\/div>\n\t\t\t\t<\/div>\n\t\t","protected":false},"excerpt":{"rendered":"<p>Documentos de Trabalho do CEEG \u00a0 \u00a0Documentos de Trabalho do CEEG &#8211; 2018 Abordagem Monet\u00e1ria da Taxa de C\u00e2mbio e [&hellip;]<\/p>\n","protected":false},"author":1,"featured_media":0,"parent":0,"menu_order":0,"comment_status":"closed","ping_status":"closed","template":"","meta":{"site-sidebar-layout":"no-sidebar","site-content-layout":"","ast-site-content-layout":"full-width-container","site-content-style":"default","site-sidebar-style":"default","ast-global-header-display":"","ast-banner-title-visibility":"","ast-main-header-display":"","ast-hfb-above-header-display":"","ast-hfb-below-header-display":"","ast-hfb-mobile-header-display":"","site-post-title":"disabled","ast-breadcrumbs-content":"","ast-featured-img":"disabled","footer-sml-layout":"","theme-transparent-header-meta":"","adv-header-id-meta":"","stick-header-meta":"","header-above-stick-meta":"","header-main-stick-meta":"","header-below-stick-meta":"","astra-migrate-meta-layouts":"default","ast-page-background-enabled":"default","ast-page-background-meta":{"desktop":{"background-color":"var(--ast-global-color-5)","background-image":"","background-repeat":"repeat","background-position":"center center","background-size":"auto","background-attachment":"scroll","background-type":"","background-media":"","overlay-type":"","overlay-color":"","overlay-opacity":"","overlay-gradient":""},"tablet":{"background-color":"","background-image":"","background-repeat":"repeat","background-position":"center center","background-size":"auto","background-attachment":"scroll","background-type":"","background-media":"","overlay-type":"","overlay-color":"","overlay-opacity":"","overlay-gradient":""},"mobile":{"background-color":"","background-image":"","background-repeat":"repeat","background-position":"center center","background-size":"auto","background-attachment":"scroll","background-type":"","background-media":"","overlay-type":"","overlay-color":"","overlay-opacity":"","overlay-gradient":""}},"ast-content-background-meta":{"desktop":{"background-color":"var(--ast-global-color-4)","background-image":"","background-repeat":"repeat","background-position":"center center","background-size":"auto","background-attachment":"scroll","background-type":"","background-media":"","overlay-type":"","overlay-color":"","overlay-opacity":"","overlay-gradient":""},"tablet":{"background-color":"var(--ast-global-color-4)","background-image":"","background-repeat":"repeat","background-position":"center center","background-size":"auto","background-attachment":"scroll","background-type":"","background-media":"","overlay-type":"","overlay-color":"","overlay-opacity":"","overlay-gradient":""},"mobile":{"background-color":"var(--ast-global-color-4)","background-image":"","background-repeat":"repeat","background-position":"center center","background-size":"auto","background-attachment":"scroll","background-type":"","background-media":"","overlay-type":"","overlay-color":"","overlay-opacity":"","overlay-gradient":""}},"footnotes":""},"class_list":["post-254","page","type-page","status-publish","hentry"],"_links":{"self":[{"href":"https:\/\/economia.uem.mz\/index.php\/wp-json\/wp\/v2\/pages\/254","targetHints":{"allow":["GET"]}}],"collection":[{"href":"https:\/\/economia.uem.mz\/index.php\/wp-json\/wp\/v2\/pages"}],"about":[{"href":"https:\/\/economia.uem.mz\/index.php\/wp-json\/wp\/v2\/types\/page"}],"author":[{"embeddable":true,"href":"https:\/\/economia.uem.mz\/index.php\/wp-json\/wp\/v2\/users\/1"}],"replies":[{"embeddable":true,"href":"https:\/\/economia.uem.mz\/index.php\/wp-json\/wp\/v2\/comments?post=254"}],"version-history":[{"count":0,"href":"https:\/\/economia.uem.mz\/index.php\/wp-json\/wp\/v2\/pages\/254\/revisions"}],"wp:attachment":[{"href":"https:\/\/economia.uem.mz\/index.php\/wp-json\/wp\/v2\/media?parent=254"}],"curies":[{"name":"wp","href":"https:\/\/api.w.org\/{rel}","templated":true}]}}