{"id":26,"date":"2025-03-31T07:27:16","date_gmt":"2025-03-31T07:27:16","guid":{"rendered":"https:\/\/economia.ghost.uem.mz\/?page_id=26"},"modified":"2025-03-31T07:27:16","modified_gmt":"2025-03-31T07:27:16","slug":"historial-da-faceco","status":"publish","type":"page","link":"https:\/\/economia.uem.mz\/index.php\/historial-da-faceco\/","title":{"rendered":"Historial da FACECO"},"content":{"rendered":"\t\t<div data-elementor-type=\"wp-page\" data-elementor-id=\"26\" class=\"elementor elementor-26\">\n\t\t\t\t<div class=\"elementor-element elementor-element-59e5d4e e-con-full e-flex e-con e-parent\" data-id=\"59e5d4e\" data-element_type=\"container\">\n\t\t\t\t<div class=\"elementor-element elementor-element-27ef637 elementor-widget elementor-widget-heading\" data-id=\"27ef637\" data-element_type=\"widget\" data-widget_type=\"heading.default\">\n\t\t\t\t\t<h2 class=\"elementor-heading-title elementor-size-default\">Historial<\/h2>\t\t\t\t<\/div>\n\t\t\t\t<div class=\"elementor-element elementor-element-9d4a58b elementor-widget elementor-widget-text-editor\" data-id=\"9d4a58b\" data-element_type=\"widget\" data-widget_type=\"text-editor.default\">\n\t\t\t\t\t\t\t\t\t<p><\/p>\n<p>A&nbsp;<strong>Faculdade de Economia&nbsp;<\/strong>da UEM (FACECO) foi criada em 1970 e iniciou as suas actividades em 1971. Ela \u00e9 vocacionada, fundamentalmente, a dar aos seus formandos uma s\u00f3lida prepara\u00e7\u00e3o de base nos v\u00e1rios dom\u00ednios das ci\u00eancias econ\u00f3micas e empresariais, de modo que eles possam contribuir para o desenvolvimento econ\u00f3mico e social sustentado do pais.<\/p>\n<p>At\u00e9 1975 a FACECO leccionou apenas o curso de Licenciatura em Economia, um pouco depois da independ\u00eancia, foi eliminado o programa de licenciatura e introduziu-se o curso de bacharelato em Economia.Em Agosto de 1985, foi introduzido novamente o curso de Licenciatura em Economia. O ano de 1986, foi marcado pela introdu\u00e7\u00e3o dos cursos de Licenciatura normal em Economia e em Gest\u00e3o. Assim, em 1988, a faculdade passa a leccionar dois cursos de licenciatura: Economia e Gest\u00e3o.<\/p>\n<p>Os cursos de licenciatura especial em gest\u00e3o e Economia, para bachar\u00e9is, foram introduzidos nos anos de 1987 e 1988 respectivamente. Como forma de responder a demanda cada vez mais crescente nos cursos leccionados nesta faculdade, em 2001 foi introduzido o turno p\u00f3s-laboral. A FACECO realizou, durante o ano de 2002, um processo de reforma curricular dos seus cursos de licenciatura, facto que culminou com a introdu\u00e7\u00e3o de mais um curso, o de Contabilidade e Finan\u00e7as.<\/p>\n<p>Em 2007, tiveram inicio os cursos de mestrado em Gest\u00e3o Empresarial e em Economia do desenvolvimento, ambos em regime pos-laboral, tendo os mestrandos preparado a sua disserta\u00e7\u00e3o durante o segundo semestre de 2008.<\/p>\n<p>Durante o segundo semestre de 2007, fez-se a prepara\u00e7\u00e3o de documentos do curr\u00edculo do curso de mestrado em Gest\u00e3o de Politicas Econ\u00f3micas, financiado pelo African Capacity Building Foundation. O curso iniciou em 2008.&nbsp;<\/p>\n<p>Em 2008, a FACECO introduziu o curso de licenciatura em Gest\u00e3o de Neg\u00f3cios (LGN), na modalidade de ensino a dist\u00e2ncia. Foi uma ac\u00e7\u00e3o conjunta entre a faculdade de Economia e o Centro de Ensino a Distancia da UEM, com suporte tecnol\u00f3gico do Centro de Inform\u00e1tica da UEM (CIUEM).<\/p>\t\t\t\t\t\t\t\t<\/div>\n\t\t\t\t<\/div>\n\t\t\t\t<\/div>\n\t\t","protected":false},"excerpt":{"rendered":"<p>Historial A&nbsp;Faculdade de Economia&nbsp;da UEM (FACECO) foi criada em 1970 e iniciou as suas actividades em 1971. Ela \u00e9 vocacionada, [&hellip;]<\/p>\n","protected":false},"author":1,"featured_media":0,"parent":0,"menu_order":0,"comment_status":"closed","ping_status":"closed","template":"","meta":{"site-sidebar-layout":"no-sidebar","site-content-layout":"","ast-site-content-layout":"normal-width-container","site-content-style":"default","site-sidebar-style":"default","ast-global-header-display":"","ast-banner-title-visibility":"","ast-main-header-display":"","ast-hfb-above-header-display":"","ast-hfb-below-header-display":"","ast-hfb-mobile-header-display":"","site-post-title":"disabled","ast-breadcrumbs-content":"","ast-featured-img":"disabled","footer-sml-layout":"","theme-transparent-header-meta":"default","adv-header-id-meta":"","stick-header-meta":"","header-above-stick-meta":"","header-main-stick-meta":"","header-below-stick-meta":"","astra-migrate-meta-layouts":"set","ast-page-background-enabled":"default","ast-page-background-meta":{"desktop":{"background-color":"var(--ast-global-color-5)","background-image":"","background-repeat":"repeat","background-position":"center center","background-size":"auto","background-attachment":"scroll","background-type":"","background-media":"","overlay-type":"","overlay-color":"","overlay-opacity":"","overlay-gradient":""},"tablet":{"background-color":"","background-image":"","background-repeat":"repeat","background-position":"center center","background-size":"auto","background-attachment":"scroll","background-type":"","background-media":"","overlay-type":"","overlay-color":"","overlay-opacity":"","overlay-gradient":""},"mobile":{"background-color":"","background-image":"","background-repeat":"repeat","background-position":"center center","background-size":"auto","background-attachment":"scroll","background-type":"","background-media":"","overlay-type":"","overlay-color":"","overlay-opacity":"","overlay-gradient":""}},"ast-content-background-meta":{"desktop":{"background-color":"var(--ast-global-color-4)","background-image":"","background-repeat":"repeat","background-position":"center center","background-size":"auto","background-attachment":"scroll","background-type":"","background-media":"","overlay-type":"","overlay-color":"","overlay-opacity":"","overlay-gradient":""},"tablet":{"background-color":"var(--ast-global-color-4)","background-image":"","background-repeat":"repeat","background-position":"center center","background-size":"auto","background-attachment":"scroll","background-type":"","background-media":"","overlay-type":"","overlay-color":"","overlay-opacity":"","overlay-gradient":""},"mobile":{"background-color":"var(--ast-global-color-4)","background-image":"","background-repeat":"repeat","background-position":"center center","background-size":"auto","background-attachment":"scroll","background-type":"","background-media":"","overlay-type":"","overlay-color":"","overlay-opacity":"","overlay-gradient":""}},"footnotes":""},"class_list":["post-26","page","type-page","status-publish","hentry"],"_links":{"self":[{"href":"https:\/\/economia.uem.mz\/index.php\/wp-json\/wp\/v2\/pages\/26","targetHints":{"allow":["GET"]}}],"collection":[{"href":"https:\/\/economia.uem.mz\/index.php\/wp-json\/wp\/v2\/pages"}],"about":[{"href":"https:\/\/economia.uem.mz\/index.php\/wp-json\/wp\/v2\/types\/page"}],"author":[{"embeddable":true,"href":"https:\/\/economia.uem.mz\/index.php\/wp-json\/wp\/v2\/users\/1"}],"replies":[{"embeddable":true,"href":"https:\/\/economia.uem.mz\/index.php\/wp-json\/wp\/v2\/comments?post=26"}],"version-history":[{"count":0,"href":"https:\/\/economia.uem.mz\/index.php\/wp-json\/wp\/v2\/pages\/26\/revisions"}],"wp:attachment":[{"href":"https:\/\/economia.uem.mz\/index.php\/wp-json\/wp\/v2\/media?parent=26"}],"curies":[{"name":"wp","href":"https:\/\/api.w.org\/{rel}","templated":true}]}}