{"id":94,"date":"2025-04-02T13:32:14","date_gmt":"2025-04-02T13:32:14","guid":{"rendered":"https:\/\/economia.ghost.uem.mz\/?page_id=94"},"modified":"2025-04-02T13:32:14","modified_gmt":"2025-04-02T13:32:14","slug":"mestrado","status":"publish","type":"page","link":"https:\/\/economia.uem.mz\/index.php\/mestrado\/","title":{"rendered":"Mestrado"},"content":{"rendered":"\t\t<div data-elementor-type=\"wp-page\" data-elementor-id=\"94\" class=\"elementor elementor-94\">\n\t\t\t\t<div class=\"elementor-element elementor-element-ca2b538 e-flex e-con-boxed e-con e-parent\" data-id=\"ca2b538\" data-element_type=\"container\">\n\t\t\t\t\t<div class=\"e-con-inner\">\n\t\t<div class=\"elementor-element elementor-element-a9b48b8 e-con-full e-flex e-con e-child\" data-id=\"a9b48b8\" data-element_type=\"container\">\n\t\t\t\t<div class=\"elementor-element elementor-element-610caa4 elementor-widget elementor-widget-heading\" data-id=\"610caa4\" data-element_type=\"widget\" data-widget_type=\"heading.default\">\n\t\t\t\t\t<h2 class=\"elementor-heading-title elementor-size-default\">Cursos de Mestrado<\/h2>\t\t\t\t<\/div>\n\t\t\t\t<div class=\"elementor-element elementor-element-525aaac elementor-widget elementor-widget-text-editor\" data-id=\"525aaac\" data-element_type=\"widget\" data-widget_type=\"text-editor.default\">\n\t\t\t\t\t\t\t\t\t<p><span style=\"color: #000000\">A Faculdade de Economia oferece os seguintes cursos de mestrado:<\/span><\/p>\t\t\t\t\t\t\t\t<\/div>\n\t\t\t\t<div class=\"elementor-element elementor-element-d432b22 elementor-widget elementor-widget-heading\" data-id=\"d432b22\" data-element_type=\"widget\" data-widget_type=\"heading.default\">\n\t\t\t\t\t<h3 class=\"elementor-heading-title elementor-size-default\">Mestrado em Gest\u00e3o Empresarial<\/h3>\t\t\t\t<\/div>\n\t\t\t\t<div class=\"elementor-element elementor-element-43d121f elementor-widget elementor-widget-text-editor\" data-id=\"43d121f\" data-element_type=\"widget\" data-widget_type=\"text-editor.default\">\n\t\t\t\t\t\t\t\t\t<p><span style=\"color: #000000\">O MGE tem por objectivo fundamental formar graduados com uma base te\u00f3rica pluralista, uma vis\u00e3o e uma abordagem din\u00e2mica dos processos econ\u00f3micos e de gest\u00e3o, e capacidade anal\u00edtica e cr\u00edtica, incluindo a de identificar, recolher, organizar, analisar, interpretar e usar informa\u00e7\u00e3o estat\u00edstica para fundamentar essa an\u00e1lise.<\/span><\/p><p><a href=\"http:\/\/economia.ghost.uem.mz\/wp-content\/uploads\/sites\/28\/2025\/04\/Curriculo_MGE_Novembro2020.pdf\">Consulte aqui o plano de estudos do curso de Mestrado em Gest\u00e3o Empresarial<\/a><\/p>\t\t\t\t\t\t\t\t<\/div>\n\t\t\t\t<div class=\"elementor-element elementor-element-82e26a2 elementor-widget elementor-widget-heading\" data-id=\"82e26a2\" data-element_type=\"widget\" data-widget_type=\"heading.default\">\n\t\t\t\t\t<h3 class=\"elementor-heading-title elementor-size-default\">Mestrado em Ci\u00eancias Actuarias<\/h3>\t\t\t\t<\/div>\n\t\t\t\t<div class=\"elementor-element elementor-element-14ce04d elementor-widget elementor-widget-text-editor\" data-id=\"14ce04d\" data-element_type=\"widget\" data-widget_type=\"text-editor.default\">\n\t\t\t\t\t\t\t\t\t<p style=\"font-weight: 400\"><span style=\"color: #000000\">O mestrado em Ci\u00eancias Actuariais tem por objectivo geral formar graduados com uma base te\u00f3rica pluralista, uma vis\u00e3o e uma abordagem din\u00e2mica dos processos econ\u00f3micos e de gest\u00e3o nas empresas do sector financeiro, e capacidade anal\u00edtica e cr\u00edtica, incluindo a de identificar, recolher, organizar, analisar, interpretar e usar informa\u00e7\u00e3o estat\u00edstica para fundamentar a an\u00e1lise actuarial e a gest\u00e3o do risco.<\/span><\/p><p><a href=\"http:\/\/economia.ghost.uem.mz\/wp-content\/uploads\/sites\/28\/2025\/04\/Mestrado_Ciencia_Actuariais.doc\">Consulte aqui o plano de estudos do curso de Mestrado em Ci\u00eancias Actuariais<\/a><\/p>\t\t\t\t\t\t\t\t<\/div>\n\t\t\t\t<\/div>\n\t\t\t\t\t<\/div>\n\t\t\t\t<\/div>\n\t\t<div class=\"elementor-element elementor-element-8fc8497 e-flex e-con-boxed e-con e-parent\" data-id=\"8fc8497\" data-element_type=\"container\">\n\t\t\t\t\t<div class=\"e-con-inner\">\n\t\t\t\t<div class=\"elementor-element elementor-element-b40ab4f elementor-widget elementor-widget-heading\" data-id=\"b40ab4f\" data-element_type=\"widget\" data-widget_type=\"heading.default\">\n\t\t\t\t\t<h3 class=\"elementor-heading-title elementor-size-default\">Mestrado em Contabilidade<\/h3>\t\t\t\t<\/div>\n\t\t\t\t<div class=\"elementor-element elementor-element-dd289b9 elementor-widget elementor-widget-text-editor\" data-id=\"dd289b9\" data-element_type=\"widget\" data-widget_type=\"text-editor.default\">\n\t\t\t\t\t\t\t\t\t<p><span style=\"color: #000000\">O Mestrado em Contabilidade representa o contributo da Faculdade da Economia da Universidade Eduardo Mondlane para capacitar o pa\u00eds e as suas institui\u00e7\u00f5es a enfrentar os desafios, no dom\u00ednio da pr\u00e1tica profissional e pesquisa acad\u00e9mica no dom\u00ednio de contabilidade.<\/span><\/p><p><a href=\"http:\/\/economia.ghost.uem.mz\/wp-content\/uploads\/sites\/28\/2025\/06\/CurriculodeMestradoemContabilidade-2.doc\">Consulte aqui o plano de estudos do curso de Mestrado em Contabilidade<\/a><\/p>\t\t\t\t\t\t\t\t<\/div>\n\t\t\t\t\t<\/div>\n\t\t\t\t<\/div>\n\t\t<div class=\"elementor-element elementor-element-7461907 e-flex e-con-boxed e-con e-parent\" data-id=\"7461907\" data-element_type=\"container\">\n\t\t\t\t\t<div class=\"e-con-inner\">\n\t\t\t\t<div class=\"elementor-element elementor-element-3ac9f0d elementor-widget elementor-widget-heading\" data-id=\"3ac9f0d\" data-element_type=\"widget\" data-widget_type=\"heading.default\">\n\t\t\t\t\t<h3 class=\"elementor-heading-title elementor-size-default\">Mestrado em Economia e Gest\u00e3o de Petr\u00f3leo e G\u00e1s<\/h3>\t\t\t\t<\/div>\n\t\t\t\t<div class=\"elementor-element elementor-element-356ee1f elementor-widget elementor-widget-text-editor\" data-id=\"356ee1f\" data-element_type=\"widget\" data-widget_type=\"text-editor.default\">\n\t\t\t\t\t\t\t\t\t<p><span style=\"color: #000000\">O curso de Mestrado em Economia e Gest\u00e3o de Petr\u00f3leo e G\u00e1s tem por objectivo <\/span><span style=\"color: #000000\">fundamental formar mestres com uma base te\u00f3rica pluralista, uma vis\u00e3o e uma <\/span><span style=\"color: #000000\">abordagem din\u00e2mica dos processos econ\u00f3micos e de gest\u00e3o incluindo a capacidade <\/span><span style=\"color: #000000\">anal\u00edtica e cr\u00edtica no sector do petr\u00f3leo e g\u00e1s.<\/span><\/p><p><a href=\"http:\/\/economia.ghost.uem.mz\/wp-content\/uploads\/sites\/28\/2025\/06\/Programa_de_Mestrado_em_Economia_e_Gesto_de_Petroleo_e_Gas.pdf\">Consulte aqui o plano de estudos do curso de Mestrado em Economia e Gest\u00e3o de Petr\u00f3leo e G\u00e1s<\/a><\/p>\t\t\t\t\t\t\t\t<\/div>\n\t\t\t\t\t<\/div>\n\t\t\t\t<\/div>\n\t\t\t\t<\/div>\n\t\t","protected":false},"excerpt":{"rendered":"<p>Cursos de Mestrado A Faculdade de Economia oferece os seguintes cursos de mestrado: Mestrado em Gest\u00e3o Empresarial O MGE tem [&hellip;]<\/p>\n","protected":false},"author":1,"featured_media":0,"parent":0,"menu_order":0,"comment_status":"closed","ping_status":"closed","template":"","meta":{"site-sidebar-layout":"no-sidebar","site-content-layout":"","ast-site-content-layout":"full-width-container","site-content-style":"default","site-sidebar-style":"default","ast-global-header-display":"","ast-banner-title-visibility":"","ast-main-header-display":"","ast-hfb-above-header-display":"","ast-hfb-below-header-display":"","ast-hfb-mobile-header-display":"","site-post-title":"disabled","ast-breadcrumbs-content":"","ast-featured-img":"disabled","footer-sml-layout":"","theme-transparent-header-meta":"","adv-header-id-meta":"","stick-header-meta":"","header-above-stick-meta":"","header-main-stick-meta":"","header-below-stick-meta":"","astra-migrate-meta-layouts":"default","ast-page-background-enabled":"default","ast-page-background-meta":{"desktop":{"background-color":"var(--ast-global-color-5)","background-image":"","background-repeat":"repeat","background-position":"center center","background-size":"auto","background-attachment":"scroll","background-type":"","background-media":"","overlay-type":"","overlay-color":"","overlay-opacity":"","overlay-gradient":""},"tablet":{"background-color":"","background-image":"","background-repeat":"repeat","background-position":"center center","background-size":"auto","background-attachment":"scroll","background-type":"","background-media":"","overlay-type":"","overlay-color":"","overlay-opacity":"","overlay-gradient":""},"mobile":{"background-color":"","background-image":"","background-repeat":"repeat","background-position":"center center","background-size":"auto","background-attachment":"scroll","background-type":"","background-media":"","overlay-type":"","overlay-color":"","overlay-opacity":"","overlay-gradient":""}},"ast-content-background-meta":{"desktop":{"background-color":"var(--ast-global-color-4)","background-image":"","background-repeat":"repeat","background-position":"center center","background-size":"auto","background-attachment":"scroll","background-type":"","background-media":"","overlay-type":"","overlay-color":"","overlay-opacity":"","overlay-gradient":""},"tablet":{"background-color":"var(--ast-global-color-4)","background-image":"","background-repeat":"repeat","background-position":"center center","background-size":"auto","background-attachment":"scroll","background-type":"","background-media":"","overlay-type":"","overlay-color":"","overlay-opacity":"","overlay-gradient":""},"mobile":{"background-color":"var(--ast-global-color-4)","background-image":"","background-repeat":"repeat","background-position":"center center","background-size":"auto","background-attachment":"scroll","background-type":"","background-media":"","overlay-type":"","overlay-color":"","overlay-opacity":"","overlay-gradient":""}},"footnotes":""},"class_list":["post-94","page","type-page","status-publish","hentry"],"_links":{"self":[{"href":"https:\/\/economia.uem.mz\/index.php\/wp-json\/wp\/v2\/pages\/94","targetHints":{"allow":["GET"]}}],"collection":[{"href":"https:\/\/economia.uem.mz\/index.php\/wp-json\/wp\/v2\/pages"}],"about":[{"href":"https:\/\/economia.uem.mz\/index.php\/wp-json\/wp\/v2\/types\/page"}],"author":[{"embeddable":true,"href":"https:\/\/economia.uem.mz\/index.php\/wp-json\/wp\/v2\/users\/1"}],"replies":[{"embeddable":true,"href":"https:\/\/economia.uem.mz\/index.php\/wp-json\/wp\/v2\/comments?post=94"}],"version-history":[{"count":0,"href":"https:\/\/economia.uem.mz\/index.php\/wp-json\/wp\/v2\/pages\/94\/revisions"}],"wp:attachment":[{"href":"https:\/\/economia.uem.mz\/index.php\/wp-json\/wp\/v2\/media?parent=94"}],"curies":[{"name":"wp","href":"https:\/\/api.w.org\/{rel}","templated":true}]}}